{"id":13136,"date":"2014-07-04T10:06:07","date_gmt":"2014-07-04T10:06:07","guid":{"rendered":"https:\/\/granicor.comproduits\/"},"modified":"2018-11-09T16:01:41","modified_gmt":"2018-11-09T16:01:41","slug":"products","status":"publish","type":"page","link":"https:\/\/www.granicor.com\/en\/products\/","title":{"rendered":"PRODUCTS"},"content":{"rendered":"<div class=\"row \"><div class=\"wpv-grid grid-1-1  wpv-first-level first hide-bg-lowres has-background extended has-extended-padding\" style=\"\n\t\t\t\tbackground: url( &#039;https:\/\/construction.vamtam.com\/wp-content\/uploads\/2014\/04\/services_bg_man.jpg&#039; ) no-repeat center bottom;\n\t\t\t\tbackground-size: auto;\n\t\t\tbackground-attachment: scroll;padding-top:0.05px;padding-bottom:0.05px;\" id=\"wpv-column-5f0aeffde432d1a0d437deffc8986316\" ><div class=\"limit-wrapper\"><div class=\"extended-column-inner\"><div class=\"row \"><div class=\"wpv-grid grid-1-1  first unextended no-extended-padding\" style=\"padding-top:0.05px;padding-bottom:0.05px;\" id=\"wpv-column-86b69af89f7ffccf20a57201a4bd7200\" ><div class=\"push  wpv-hide-lowres\" style=\"height:20px\"><\/div>\n<h3 style=\"text-align: center;\">GRANITE CUTTING FOR ALL YOUR PROJECTS<\/h3>\n<p style=\"text-align: center;\">Granicor has the expertise and experience to meet all your needs. Turn your ideas into true masterpieces by choosing the right product type for you.<\/div><\/div>\n<div class=\"push \" style=\"height:40px\"><\/div><\/div><\/div><\/div><\/div>\n<div class=\"push \" style=\"height:30px\"><\/div>\n<div class=\"push \" style=\"height:40px\"><\/div>\n<div class=\"limit-wrapper\"><div class=\"row \"><div class=\"wpv-grid grid-1-1  wpv-first-level first unextended animation-zoom-in animated-active no-extended-padding\" style=\"padding-top:0.05px;padding-bottom:0.05px;\" id=\"wpv-column-818bc7665699f90e56f742b468576b99\" ><h2 style=\"text-align: center;\">SERVICES<\/h2><\/div><\/div><\/div>\n<div class=\"push \" style=\"height:15px\"><\/div>\n<div class=\"limit-wrapper\"><div class=\"row \"><div class=\"wpv-grid grid-1-4  wpv-first-level first unextended animation-from-bottom animated-active no-extended-padding\" style=\"padding-top:0.05px;padding-bottom:0.05px;\" id=\"wpv-column-75b8fd5f80e66f0f8c8a49986a510a62\" >\n<div  data-href=\"#\" tabindex=\"1\" data-target=\"_self\" class=\"linkarea clearfix accent5  background-transparent\">\n\t\t\t<div class=\"first\"><img data-recalc-dims=\"1\" decoding=\"async\" src=\"https:\/\/i0.wp.com\/www.granicor.com\/wp-content\/uploads\/2018\/09\/IMG_0080.png?w=1140&#038;ssl=1\" alt=\"\" \/><\/div>\n\t\t\t\t<div class=\"last\"><h3 style=\"text-align: center;\">CUSTOM CUTTING<\/h3>\n<h5 style=\"text-align: center;\">CUSTOM CUTTING FOR BOUNDLESS CREATIVITY<\/h5>\n<p style=\"text-align: center;\">A service producing your ideas whatever the style you are seeking.<br \/><\/div>\n\t<\/div><\/div>\n<div class=\"wpv-grid grid-1-4  wpv-first-level unextended animation-from-bottom animated-active no-extended-padding\" style=\"padding-top:0.05px;padding-bottom:0.05px;\" id=\"wpv-column-eb940d17f74c82c6676123650179fda2\" >\n<div  data-href=\"#\" tabindex=\"1\" data-target=\"_self\" class=\"linkarea clearfix accent5  background-transparent\">\n\t\t\t<div class=\"first\"><img data-recalc-dims=\"1\" decoding=\"async\" src=\"https:\/\/i0.wp.com\/www.granicor.com\/wp-content\/uploads\/2018\/09\/IMG_0375.png?w=1140&#038;ssl=1\" alt=\"\" \/><\/div>\n\t\t\t\t<div class=\"last\"><h3 style=\"text-align: center;\">ROUGH BLOCKS<\/h3>\n<h5 style=\"text-align: center;\">ROUGH BLOCKS: STONE IN ITS NATURAL STATE<\/h5>\n<p style=\"text-align: center;\">Choose within an inventory of blocs suggesting a large selection of colors and dimensions.<br \/><\/div>\n\t<\/div><\/div>\n<div class=\"wpv-grid grid-1-4  wpv-first-level unextended animation-from-bottom animated-active no-extended-padding\" style=\"padding-top:0.05px;padding-bottom:0.05px;\" id=\"wpv-column-c07f0b83f8149820f365ff2c5328ef4a\" >\n<div  data-href=\"#\" tabindex=\"1\" data-target=\"_self\" class=\"linkarea clearfix accent5  background-transparent\">\n\t\t\t<div class=\"first\"><img data-recalc-dims=\"1\" decoding=\"async\" src=\"https:\/\/i0.wp.com\/www.granicor.com\/wp-content\/uploads\/2018\/09\/IMG_0085.png?w=1140&#038;ssl=1\" alt=\"\" \/><\/div>\n\t\t\t\t<div class=\"last\"><h3 style=\"text-align: center;\">SLABS<\/h3>\n<h5 style=\"text-align: center;\">PERFECT SLABS FOR FLAWLESS FINISHING<\/h5>\n<p style=\"text-align: center;\">Choose from a large inventory of slabs or let us fabricate for you according to your specific needs.<br \/><\/div>\n\t<\/div><\/div>\n<div class=\"wpv-grid grid-1-4  wpv-first-level unextended animation-from-bottom animated-active no-extended-padding\" style=\"padding-top:0.05px;padding-bottom:0.05px;\" id=\"wpv-column-adb42005b003b41c99c04e585985efed\" >\n<div  data-href=\"#\" tabindex=\"1\" data-target=\"_self\" class=\"linkarea clearfix accent5  background-transparent\">\n\t\t\t<div class=\"first\"><img data-recalc-dims=\"1\" decoding=\"async\" src=\"https:\/\/i0.wp.com\/www.granicor.com\/wp-content\/uploads\/2018\/09\/IMG_0081.png?w=1140&#038;ssl=1\" alt=\"\" \/><\/div>\n\t\t\t\t<div class=\"last\"><h3 style=\"text-align: center;\">SERVICE DE SCIAGE<\/h3>\n<h5 style=\"text-align: center;\">SERVICE DE SCIAGE IRR\u00c9PROCHABLE<\/h5>\n<p style=\"text-align: center;\">Ce service vous permet de faire scier et finir vos propres blocs par des experts. Une solution int\u00e9ressante pour les entreprises et carri\u00e8res ne poss\u00e9dant pas d\u2019usine de transformation ou d\u00e9sirant augmenter leur capacit\u00e9 de production.<br \/><\/div>\n\t<\/div><\/div><\/div><\/div>\n<div class=\"limit-wrapper\"><div class=\"row \"><div class=\"wpv-grid grid-1-1 add-border wpv-first-level first unextended animation-from-bottom animated-active has-extended-padding\" style=\"padding-top:0.05px;padding-bottom:0.05px;\" id=\"wpv-column-10ed4e93a4d2beeafff3781f94a53d52\" ><div class=\"row \"><div class=\"wpv-grid grid-1-2  first unextended no-extended-padding\" style=\"padding-top:0.05px;padding-bottom:0.05px;\" id=\"wpv-column-72de7b173b79cdd3e7644ed136bc0c01\" >\n<div  data-href=\"https:\/\/www.granicor.comrealisations\" tabindex=\"1\" data-target=\"_self\" class=\"linkarea clearfix accent7  background-accent5\">\n\t\t\t\t<div class=\"last\"><table>\n<tbody>\n<tr>\n<td><div class=\"push \" style=\"height:10px\"><\/div> <span class='icon shortcode theme  use-hover' style='color:#364352;font-size:42px !important;'>&#57474;<\/span><\/td>\n<td>\n<h3>ACHIEVEMENTS<\/h3>\n<p>Take inspiration from our achievements: architecture, urban design and interior design.<\/td>\n<td><div class=\"push \" style=\"height:30px\"><\/div> <p class=\"textcenter\"><a href=\"..\/realisations\" target=\"_self\" style='font-size: 14px;' class=\"vamtam-button accent1  button-border hover-accent1 \"><span class=\"btext\" data-text=\"SEE ACHIEVEMENTS\">SEE ACHIEVEMENTS<\/span><\/a><\/p><\/td>\n<\/tr>\n<\/tbody>\n<\/table><\/div>\n\t<\/div><\/div>\n<div class=\"wpv-grid grid-1-2  unextended left-border has-extended-padding\" style=\"padding-top:0.05px;padding-bottom:0.05px;\" id=\"wpv-column-e68aa36a86e3870d17a1437fb8577999\" ><style>#wpv-column-e68aa36a86e3870d17a1437fb8577999:before{background-color:#ededed;}<\/style><div class=\"row \"><div class=\"wpv-grid grid-1-1  first unextended no-extended-padding\" style=\"padding-top:0.05px;padding-bottom:0.05px;\" id=\"wpv-column-620aa5109bf438c739d2314c83de09da\" >\n<div  data-href=\"https:\/\/www.granicor.comcontact\" tabindex=\"1\" data-target=\"_self\" class=\"linkarea clearfix accent7  background-accent5\">\n\t\t\t\t<div class=\"last\"><table>\n<tbody>\n<tr>\n<td><div class=\"push \" style=\"height:10px\"><\/div> <span class='icon shortcode theme  use-hover' style='color:#364352;font-size:42px !important;'>&#57439;<\/span><\/td>\n<td>\n<h3>CONTACT-US<\/h3>\n<p>The Granicor team is committed to providing you with the best service possible. Do not hesitate to contact us. It is with pleasure that we will answer you as soon as possible.<\/td>\n<td><div class=\"push \" style=\"height:30px\"><\/div> <p class=\"textcenter\"><a href=\"..\/contact\" target=\"_self\" style='font-size: 14px;' class=\"vamtam-button accent1  button-border hover-accent1 \"><span class=\"btext\" data-text=\"CONTACT-US\">CONTACT-US<\/span><\/a><\/p><\/td>\n<\/tr>\n<\/tbody>\n<\/table><\/div>\n\t<\/div><\/div><\/div><\/div><\/div><\/div><\/div><\/div>\n","protected":false},"excerpt":{"rendered":"<p>GRANITE CUTTING FOR ALL YOUR PROJECTS Granicor has the expertise and experience to meet all your needs. Turn your ideas into true masterpieces by choosing the right product type for you. SERVICES<\/p>\n","protected":false},"author":1,"featured_media":0,"parent":0,"menu_order":0,"comment_status":"closed","ping_status":"open","template":"","meta":{"nf_dc_page":"","footnotes":""},"class_list":["post-13136","page","type-page","status-publish","hentry"],"yoast_head":"<!-- This site is optimized with the Yoast SEO plugin v27.4 - https:\/\/yoast.com\/product\/yoast-seo-wordpress\/ -->\n<title>Unparalleled granite products of structural quality - Granicor<\/title>\n<meta name=\"description\" content=\"Granicor has the expertise and experience to transform your ideas into true masterpieces by choosing the types of products that are right for you.\" \/>\n<meta name=\"robots\" content=\"index, follow, max-snippet:-1, max-image-preview:large, max-video-preview:-1\" \/>\n<link rel=\"canonical\" href=\"https:\/\/www.granicor.com\/en\/products\/\" \/>\n<meta property=\"og:locale\" content=\"en_US\" \/>\n<meta property=\"og:type\" content=\"article\" \/>\n<meta property=\"og:title\" content=\"Unparalleled granite products of structural quality - Granicor\" \/>\n<meta property=\"og:description\" content=\"Granicor has the expertise and experience to transform your ideas into true masterpieces by choosing the types of products that are right for you.\" \/>\n<meta property=\"og:url\" content=\"https:\/\/www.granicor.com\/en\/products\/\" \/>\n<meta property=\"og:site_name\" content=\"Granicor\" \/>\n<meta property=\"article:publisher\" content=\"https:\/\/www.facebook.com\/granicorinc\/\" \/>\n<meta property=\"article:modified_time\" content=\"2018-11-09T16:01:41+00:00\" \/>\n<meta property=\"og:image\" content=\"https:\/\/i0.wp.com\/www.granicor.com\/wp-content\/uploads\/2018\/10\/csm_15.2_St-Louis_Memorial_Park_5abd4bfff7.jpg?fit=399%2C399&ssl=1\" \/>\n\t<meta property=\"og:image:width\" content=\"399\" \/>\n\t<meta property=\"og:image:height\" content=\"399\" \/>\n\t<meta property=\"og:image:type\" content=\"image\/jpeg\" \/>\n<meta name=\"twitter:card\" content=\"summary_large_image\" \/>\n<meta name=\"twitter:label1\" content=\"Est. reading time\" \/>\n\t<meta name=\"twitter:data1\" content=\"4 minutes\" \/>\n<script type=\"application\/ld+json\" class=\"yoast-schema-graph\">{\"@context\":\"https:\\\/\\\/schema.org\",\"@graph\":[{\"@type\":\"WebPage\",\"@id\":\"https:\\\/\\\/www.granicor.com\\\/en\\\/products\\\/\",\"url\":\"https:\\\/\\\/www.granicor.com\\\/en\\\/products\\\/\",\"name\":\"Unparalleled granite products of structural quality - Granicor\",\"isPartOf\":{\"@id\":\"https:\\\/\\\/www.granicor.com\\\/en\\\/#website\"},\"datePublished\":\"2014-07-04T10:06:07+00:00\",\"dateModified\":\"2018-11-09T16:01:41+00:00\",\"description\":\"Granicor has the expertise and experience to transform your ideas into true masterpieces by choosing the types of products that are right for you.\",\"breadcrumb\":{\"@id\":\"https:\\\/\\\/www.granicor.com\\\/en\\\/products\\\/#breadcrumb\"},\"inLanguage\":\"en-US\",\"potentialAction\":[{\"@type\":\"ReadAction\",\"target\":[\"https:\\\/\\\/www.granicor.com\\\/en\\\/products\\\/\"]}]},{\"@type\":\"BreadcrumbList\",\"@id\":\"https:\\\/\\\/www.granicor.com\\\/en\\\/products\\\/#breadcrumb\",\"itemListElement\":[{\"@type\":\"ListItem\",\"position\":1,\"name\":\"Accueil\",\"item\":\"https:\\\/\\\/www.granicor.com\\\/en\\\/\"},{\"@type\":\"ListItem\",\"position\":2,\"name\":\"PRODUCTS\"}]},{\"@type\":\"WebSite\",\"@id\":\"https:\\\/\\\/www.granicor.com\\\/en\\\/#website\",\"url\":\"https:\\\/\\\/www.granicor.com\\\/en\\\/\",\"name\":\"Granicor\",\"description\":\"\",\"publisher\":{\"@id\":\"https:\\\/\\\/www.granicor.com\\\/en\\\/#organization\"},\"potentialAction\":[{\"@type\":\"SearchAction\",\"target\":{\"@type\":\"EntryPoint\",\"urlTemplate\":\"https:\\\/\\\/www.granicor.com\\\/en\\\/?s={search_term_string}\"},\"query-input\":{\"@type\":\"PropertyValueSpecification\",\"valueRequired\":true,\"valueName\":\"search_term_string\"}}],\"inLanguage\":\"en-US\"},{\"@type\":\"Organization\",\"@id\":\"https:\\\/\\\/www.granicor.com\\\/en\\\/#organization\",\"name\":\"Granicor\",\"url\":\"https:\\\/\\\/www.granicor.com\\\/en\\\/\",\"logo\":{\"@type\":\"ImageObject\",\"inLanguage\":\"en-US\",\"@id\":\"https:\\\/\\\/www.granicor.com\\\/en\\\/#\\\/schema\\\/logo\\\/image\\\/\",\"url\":\"https:\\\/\\\/i0.wp.com\\\/www.granicor.com\\\/wp-content\\\/uploads\\\/2018\\\/10\\\/csm_tD2FtnkSKK7KEtkqrI-12xdHdr1cyxxliL-HOXrcXFyTJ3EFnpRbEON_N_19K0L5iPNzBgIzYqAKAKa0VJzsXs1DX1hC_s1024_b897b86498.jpg?fit=1000%2C665&ssl=1\",\"contentUrl\":\"https:\\\/\\\/i0.wp.com\\\/www.granicor.com\\\/wp-content\\\/uploads\\\/2018\\\/10\\\/csm_tD2FtnkSKK7KEtkqrI-12xdHdr1cyxxliL-HOXrcXFyTJ3EFnpRbEON_N_19K0L5iPNzBgIzYqAKAKa0VJzsXs1DX1hC_s1024_b897b86498.jpg?fit=1000%2C665&ssl=1\",\"width\":1000,\"height\":665,\"caption\":\"Granicor\"},\"image\":{\"@id\":\"https:\\\/\\\/www.granicor.com\\\/en\\\/#\\\/schema\\\/logo\\\/image\\\/\"},\"sameAs\":[\"https:\\\/\\\/www.facebook.com\\\/granicorinc\\\/\"]}]}<\/script>\n<!-- \/ Yoast SEO plugin. -->","yoast_head_json":{"title":"Unparalleled granite products of structural quality - Granicor","description":"Granicor has the expertise and experience to transform your ideas into true masterpieces by choosing the types of products that are right for you.","robots":{"index":"index","follow":"follow","max-snippet":"max-snippet:-1","max-image-preview":"max-image-preview:large","max-video-preview":"max-video-preview:-1"},"canonical":"https:\/\/www.granicor.com\/en\/products\/","og_locale":"en_US","og_type":"article","og_title":"Unparalleled granite products of structural quality - Granicor","og_description":"Granicor has the expertise and experience to transform your ideas into true masterpieces by choosing the types of products that are right for you.","og_url":"https:\/\/www.granicor.com\/en\/products\/","og_site_name":"Granicor","article_publisher":"https:\/\/www.facebook.com\/granicorinc\/","article_modified_time":"2018-11-09T16:01:41+00:00","og_image":[{"width":399,"height":399,"url":"https:\/\/i0.wp.com\/www.granicor.com\/wp-content\/uploads\/2018\/10\/csm_15.2_St-Louis_Memorial_Park_5abd4bfff7.jpg?fit=399%2C399&ssl=1","type":"image\/jpeg"}],"twitter_card":"summary_large_image","twitter_misc":{"Est. reading time":"4 minutes"},"schema":{"@context":"https:\/\/schema.org","@graph":[{"@type":"WebPage","@id":"https:\/\/www.granicor.com\/en\/products\/","url":"https:\/\/www.granicor.com\/en\/products\/","name":"Unparalleled granite products of structural quality - Granicor","isPartOf":{"@id":"https:\/\/www.granicor.com\/en\/#website"},"datePublished":"2014-07-04T10:06:07+00:00","dateModified":"2018-11-09T16:01:41+00:00","description":"Granicor has the expertise and experience to transform your ideas into true masterpieces by choosing the types of products that are right for you.","breadcrumb":{"@id":"https:\/\/www.granicor.com\/en\/products\/#breadcrumb"},"inLanguage":"en-US","potentialAction":[{"@type":"ReadAction","target":["https:\/\/www.granicor.com\/en\/products\/"]}]},{"@type":"BreadcrumbList","@id":"https:\/\/www.granicor.com\/en\/products\/#breadcrumb","itemListElement":[{"@type":"ListItem","position":1,"name":"Accueil","item":"https:\/\/www.granicor.com\/en\/"},{"@type":"ListItem","position":2,"name":"PRODUCTS"}]},{"@type":"WebSite","@id":"https:\/\/www.granicor.com\/en\/#website","url":"https:\/\/www.granicor.com\/en\/","name":"Granicor","description":"","publisher":{"@id":"https:\/\/www.granicor.com\/en\/#organization"},"potentialAction":[{"@type":"SearchAction","target":{"@type":"EntryPoint","urlTemplate":"https:\/\/www.granicor.com\/en\/?s={search_term_string}"},"query-input":{"@type":"PropertyValueSpecification","valueRequired":true,"valueName":"search_term_string"}}],"inLanguage":"en-US"},{"@type":"Organization","@id":"https:\/\/www.granicor.com\/en\/#organization","name":"Granicor","url":"https:\/\/www.granicor.com\/en\/","logo":{"@type":"ImageObject","inLanguage":"en-US","@id":"https:\/\/www.granicor.com\/en\/#\/schema\/logo\/image\/","url":"https:\/\/i0.wp.com\/www.granicor.com\/wp-content\/uploads\/2018\/10\/csm_tD2FtnkSKK7KEtkqrI-12xdHdr1cyxxliL-HOXrcXFyTJ3EFnpRbEON_N_19K0L5iPNzBgIzYqAKAKa0VJzsXs1DX1hC_s1024_b897b86498.jpg?fit=1000%2C665&ssl=1","contentUrl":"https:\/\/i0.wp.com\/www.granicor.com\/wp-content\/uploads\/2018\/10\/csm_tD2FtnkSKK7KEtkqrI-12xdHdr1cyxxliL-HOXrcXFyTJ3EFnpRbEON_N_19K0L5iPNzBgIzYqAKAKa0VJzsXs1DX1hC_s1024_b897b86498.jpg?fit=1000%2C665&ssl=1","width":1000,"height":665,"caption":"Granicor"},"image":{"@id":"https:\/\/www.granicor.com\/en\/#\/schema\/logo\/image\/"},"sameAs":["https:\/\/www.facebook.com\/granicorinc\/"]}]}},"jetpack_shortlink":"https:\/\/wp.me\/Par3Wj-3pS","jetpack_sharing_enabled":true,"_links":{"self":[{"href":"https:\/\/www.granicor.com\/en\/wp-json\/wp\/v2\/pages\/13136","targetHints":{"allow":["GET"]}}],"collection":[{"href":"https:\/\/www.granicor.com\/en\/wp-json\/wp\/v2\/pages"}],"about":[{"href":"https:\/\/www.granicor.com\/en\/wp-json\/wp\/v2\/types\/page"}],"author":[{"embeddable":true,"href":"https:\/\/www.granicor.com\/en\/wp-json\/wp\/v2\/users\/1"}],"replies":[{"embeddable":true,"href":"https:\/\/www.granicor.com\/en\/wp-json\/wp\/v2\/comments?post=13136"}],"version-history":[{"count":8,"href":"https:\/\/www.granicor.com\/en\/wp-json\/wp\/v2\/pages\/13136\/revisions"}],"predecessor-version":[{"id":13324,"href":"https:\/\/www.granicor.com\/en\/wp-json\/wp\/v2\/pages\/13136\/revisions\/13324"}],"wp:attachment":[{"href":"https:\/\/www.granicor.com\/en\/wp-json\/wp\/v2\/media?parent=13136"}],"curies":[{"name":"wp","href":"https:\/\/api.w.org\/{rel}","templated":true}]}}